{"id":80,"date":"2023-10-20T17:44:23","date_gmt":"2023-10-20T15:44:23","guid":{"rendered":"https:\/\/www.schuerig.de\/gisbert\/?page_id=80"},"modified":"2024-12-16T15:45:53","modified_gmt":"2024-12-16T14:45:53","slug":"obertongesang-kehlgesang","status":"publish","type":"page","link":"https:\/\/www.schuerig.de\/gisbert\/obertongesang-kehlgesang\/","title":{"rendered":"Obertongesang &#038; Kehlgesang"},"content":{"rendered":"\n<p>Einzelunterricht in Oberton &amp; Kehlgesang biete ich privat <a href=\"https:\/\/www.schuerig.de\/gisbert\/online-unterricht\/\" data-type=\"page\" data-id=\"71\">online<\/a>. An der <a href=\"https:\/\/www.berlin.de\/vhs\/volkshochschulen\/pankow\/\">VHS Pankow<\/a> f\u00fchre ich regelm\u00e4\u00dfig Wochenend-Workshops durch. An der <a href=\"https:\/\/global-music-academy.net\/de\/kurs\/obertongesang-und-kehlkopfgesang\/\">Global Music Schoo<\/a><a href=\"https:\/\/global-music-school.net\/de\/oberton-und-kehlgesang\/\">l<\/a> in Berlin Neuk\u00f6lln leite ich einen <a href=\"https:\/\/www.schuerig.de\/gisbert\/soundwave-surf-club-chor-fuer-obertongesang-kehlgesang\/\" data-type=\"page\" data-id=\"246\">Chor f\u00fcr Oberton- und Kehlgesang<\/a>.<\/p>\n\n\n\n<figure class=\"wp-block-embed is-type-video is-provider-youtube wp-block-embed-youtube wp-embed-aspect-16-9 wp-has-aspect-ratio\"><div class=\"wp-block-embed__wrapper\">\n<iframe loading=\"lazy\" title=\"Overtone &amp; Throat singing\" width=\"500\" height=\"281\" src=\"https:\/\/www.youtube.com\/embed\/Tse0AHDIi4Q?start=65&#038;feature=oembed\" frameborder=\"0\" allow=\"accelerometer; autoplay; clipboard-write; encrypted-media; gyroscope; picture-in-picture; web-share\" referrerpolicy=\"strict-origin-when-cross-origin\" allowfullscreen><\/iframe>\n<\/div><figcaption class=\"wp-element-caption\">Improvisation mit Oberton- und Kehlgesang<\/figcaption><\/figure>\n\n\n\n<h2 class=\"wp-block-heading\">Obertongesang<\/h2>\n\n\n\n<p>Obertongesang ist eine Technik, die nahezu mikroskopisch in das &#8222;Innenleben&#8220; eines Tones eingreift. Die Obert\u00f6ne in der Stimme, die sonst vor allem unterschiedliche Klangfarben bewirken, k\u00f6nnen wir beim Obertongesang akzentuieren und f\u00fcr Melodien nutzen.<\/p>\n\n\n\n<h2 class=\"wp-block-heading\">Kehlgesang<\/h2>\n\n\n\n<p>Kehlgesang, auch Khomei oder Kh\u00f6\u00f6mi genannt, wird traditionell in Teilen der Mongolei und Tuva gesungen. Ich bin dort nie gewesen, habe mir aber &#8211; mit Unterst\u00fctzung verschiedener Lehrer &#8211; einige dieser Techniken erschlossen, z. B. das Kargyraa, mit dessen Hilfe es m\u00f6glich ist, eine Oktave tiefer zu singen.<\/p>\n\n\n\n<figure class=\"wp-block-embed is-type-video is-provider-youtube wp-block-embed-youtube wp-embed-aspect-16-9 wp-has-aspect-ratio\"><div class=\"wp-block-embed__wrapper\">\n<iframe loading=\"lazy\" title=\"Pygma\u0308en Melodie\" width=\"500\" height=\"281\" src=\"https:\/\/www.youtube.com\/embed\/Kypq4xaOWpU?feature=oembed\" frameborder=\"0\" allow=\"accelerometer; autoplay; clipboard-write; encrypted-media; gyroscope; picture-in-picture; web-share\" referrerpolicy=\"strict-origin-when-cross-origin\" allowfullscreen><\/iframe>\n<\/div><\/figure>\n\n\n\n<p>Eine Melodie der Pygm\u00e4en, gesungen mit Oberton- und Kehlgesang<\/p>\n","protected":false},"excerpt":{"rendered":"<p>Einzelunterricht in Oberton &amp; Kehlgesang biete ich privat online. An der VHS Pankow f\u00fchre ich regelm\u00e4\u00dfig Wochenend-Workshops durch. An der Global Music School in Berlin Neuk\u00f6lln leite ich einen Chor f\u00fcr Oberton- und Kehlgesang. Obertongesang Obertongesang ist eine Technik, die nahezu mikroskopisch in das &#8222;Innenleben&#8220; eines Tones eingreift. Die Obert\u00f6ne in der Stimme, die sonst [&hellip;]<\/p>\n","protected":false},"author":1,"featured_media":0,"parent":0,"menu_order":0,"comment_status":"closed","ping_status":"closed","template":"","meta":{"footnotes":""},"class_list":["post-80","page","type-page","status-publish","hentry"],"_links":{"self":[{"href":"https:\/\/www.schuerig.de\/gisbert\/wp-json\/wp\/v2\/pages\/80","targetHints":{"allow":["GET"]}}],"collection":[{"href":"https:\/\/www.schuerig.de\/gisbert\/wp-json\/wp\/v2\/pages"}],"about":[{"href":"https:\/\/www.schuerig.de\/gisbert\/wp-json\/wp\/v2\/types\/page"}],"author":[{"embeddable":true,"href":"https:\/\/www.schuerig.de\/gisbert\/wp-json\/wp\/v2\/users\/1"}],"replies":[{"embeddable":true,"href":"https:\/\/www.schuerig.de\/gisbert\/wp-json\/wp\/v2\/comments?post=80"}],"version-history":[{"count":4,"href":"https:\/\/www.schuerig.de\/gisbert\/wp-json\/wp\/v2\/pages\/80\/revisions"}],"predecessor-version":[{"id":256,"href":"https:\/\/www.schuerig.de\/gisbert\/wp-json\/wp\/v2\/pages\/80\/revisions\/256"}],"wp:attachment":[{"href":"https:\/\/www.schuerig.de\/gisbert\/wp-json\/wp\/v2\/media?parent=80"}],"curies":[{"name":"wp","href":"https:\/\/api.w.org\/{rel}","templated":true}]}}