{"id":73,"date":"2023-10-20T17:12:58","date_gmt":"2023-10-20T15:12:58","guid":{"rendered":"https:\/\/www.schuerig.de\/gisbert\/?page_id=73"},"modified":"2024-02-28T17:29:26","modified_gmt":"2024-02-28T16:29:26","slug":"musiktheorie","status":"publish","type":"page","link":"https:\/\/www.schuerig.de\/gisbert\/musiktheorie\/","title":{"rendered":"Musiktheorie"},"content":{"rendered":"\n<p>Ich biete Kurse bei der <a href=\"https:\/\/www.berlin.de\/vhs\/volkshochschulen\/pankow\/\">VHS Pankow<\/a> und privaten <a href=\"https:\/\/www.schuerig.de\/gisbert\/online-unterricht\/\" data-type=\"page\" data-id=\"71\">online Unterricht<\/a> an. Mir liegt dabei besonders am Herzen, Grundlagen anschaulich zu vermitteln. Daf\u00fcr ziehe ich viele unterschiedliche visuelle Darstellungsweisen und Software heran.<\/p>\n\n\n\n<p>Aktuelle Musikpraxis ist vielf\u00e4ltig und h\u00e4ufig auch stark von au\u00dfereurop\u00e4ischen Einfl\u00fcssen gepr\u00e4gt. Ich strebe nach einer Musiktheorie, die solche kulturelle Bereicherung ausdr\u00fccklich in den Blick nimmt und w\u00fcrdigt.<\/p>\n\n\n\n<h2 class=\"wp-block-heading\">Themen<\/h2>\n\n\n\n<ul class=\"wp-block-list\">\n<li>Rhythmus<\/li>\n\n\n\n<li>Tonleitern<\/li>\n\n\n\n<li>Akkorde<\/li>\n\n\n\n<li>Akkordfolgen<\/li>\n\n\n\n<li>Musikalische Form, Komposition &amp; Songwriting<\/li>\n\n\n\n<li>Musik\u00e4sthetik<\/li>\n<\/ul>\n\n\n\n<h2 class=\"wp-block-heading\">Testimonials<\/h2>\n\n\n\n<blockquote class=\"wp-block-quote is-layout-flow wp-block-quote-is-layout-flow\">\n<p>Gisbert ist ein liebensw\u00fcrdiger &#8222;Prof&#8220;, der fachlich und p\u00e4dagogisch sehr kompetent ist. Er h\u00f6rt zu und findet immer eine kluge Antwort bei jeder Frage. Ich habe ihn sowohl bei der VHS als auch als privaten Lehrer erlebt und das hat immer viel Spass gemacht.<\/p>\n<cite>Blandine M.<\/cite><\/blockquote>\n","protected":false},"excerpt":{"rendered":"<p>Ich biete Kurse bei der VHS Pankow und privaten online Unterricht an. Mir liegt dabei besonders am Herzen, Grundlagen anschaulich zu vermitteln. Daf\u00fcr ziehe ich viele unterschiedliche visuelle Darstellungsweisen und Software heran. Aktuelle Musikpraxis ist vielf\u00e4ltig und h\u00e4ufig auch stark von au\u00dfereurop\u00e4ischen Einfl\u00fcssen gepr\u00e4gt. Ich strebe nach einer Musiktheorie, die solche kulturelle Bereicherung ausdr\u00fccklich in [&hellip;]<\/p>\n","protected":false},"author":1,"featured_media":0,"parent":0,"menu_order":0,"comment_status":"closed","ping_status":"closed","template":"","meta":{"footnotes":""},"class_list":["post-73","page","type-page","status-publish","hentry"],"_links":{"self":[{"href":"https:\/\/www.schuerig.de\/gisbert\/wp-json\/wp\/v2\/pages\/73","targetHints":{"allow":["GET"]}}],"collection":[{"href":"https:\/\/www.schuerig.de\/gisbert\/wp-json\/wp\/v2\/pages"}],"about":[{"href":"https:\/\/www.schuerig.de\/gisbert\/wp-json\/wp\/v2\/types\/page"}],"author":[{"embeddable":true,"href":"https:\/\/www.schuerig.de\/gisbert\/wp-json\/wp\/v2\/users\/1"}],"replies":[{"embeddable":true,"href":"https:\/\/www.schuerig.de\/gisbert\/wp-json\/wp\/v2\/comments?post=73"}],"version-history":[{"count":3,"href":"https:\/\/www.schuerig.de\/gisbert\/wp-json\/wp\/v2\/pages\/73\/revisions"}],"predecessor-version":[{"id":184,"href":"https:\/\/www.schuerig.de\/gisbert\/wp-json\/wp\/v2\/pages\/73\/revisions\/184"}],"wp:attachment":[{"href":"https:\/\/www.schuerig.de\/gisbert\/wp-json\/wp\/v2\/media?parent=73"}],"curies":[{"name":"wp","href":"https:\/\/api.w.org\/{rel}","templated":true}]}}