{"id":71,"date":"2023-10-20T13:36:57","date_gmt":"2023-10-20T11:36:57","guid":{"rendered":"https:\/\/www.schuerig.de\/gisbert\/?page_id=71"},"modified":"2024-05-08T16:45:57","modified_gmt":"2024-05-08T14:45:57","slug":"online-unterricht","status":"publish","type":"page","link":"https:\/\/www.schuerig.de\/gisbert\/online-unterricht\/","title":{"rendered":"Online Unterricht"},"content":{"rendered":"\n<h2 class=\"wp-block-heading\">Themen<\/h2>\n\n\n\n<ul class=\"wp-block-list\">\n<li><a href=\"https:\/\/www.schuerig.de\/gisbert\/musiktheorie\/\" data-type=\"page\" data-id=\"73\">Musiktheorie<\/a><\/li>\n\n\n\n<li><a href=\"https:\/\/www.schuerig.de\/gisbert\/elektronischemusik\/\" data-type=\"page\" data-id=\"131\">Elektronische Musik<\/a><\/li>\n\n\n\n<li><a href=\"https:\/\/www.schuerig.de\/gisbert\/obertongesang-kehlgesang\/\" data-type=\"page\" data-id=\"80\">Obertongesang &amp; Kehlgesang<\/a><\/li>\n\n\n\n<li><a href=\"https:\/\/www.schuerig.de\/gisbert\/salon-ohr-genussvolle-gehoerbildung\/\" data-type=\"page\" data-id=\"181\">Salon Ohr &#8211; Genussvolle Geh\u00f6rbildung<\/a><\/li>\n\n\n\n<li>Gitarrenunterricht<\/li>\n<\/ul>\n\n\n\n<h2 class=\"wp-block-heading\">Medien<\/h2>\n\n\n\n<figure class=\"wp-block-image size-large\"><img loading=\"lazy\" decoding=\"async\" width=\"1024\" height=\"576\" src=\"https:\/\/www.schuerig.de\/gisbert\/wp-content\/uploads\/2023\/10\/vlcsnap-2023-10-20-17h07m56s117-1024x576.png\" alt=\"\" class=\"wp-image-75\" srcset=\"https:\/\/www.schuerig.de\/gisbert\/wp-content\/uploads\/2023\/10\/vlcsnap-2023-10-20-17h07m56s117-1024x576.png 1024w, https:\/\/www.schuerig.de\/gisbert\/wp-content\/uploads\/2023\/10\/vlcsnap-2023-10-20-17h07m56s117-300x169.png 300w, https:\/\/www.schuerig.de\/gisbert\/wp-content\/uploads\/2023\/10\/vlcsnap-2023-10-20-17h07m56s117-768x432.png 768w, https:\/\/www.schuerig.de\/gisbert\/wp-content\/uploads\/2023\/10\/vlcsnap-2023-10-20-17h07m56s117-1536x864.png 1536w, https:\/\/www.schuerig.de\/gisbert\/wp-content\/uploads\/2023\/10\/vlcsnap-2023-10-20-17h07m56s117.png 1920w\" sizes=\"auto, (max-width: 1024px) 100vw, 1024px\" \/><\/figure>\n\n\n\n<p>Verschiedene Plattformen sind f\u00fcr den Unterricht m\u00f6glich:<\/p>\n\n\n\n<ul class=\"wp-block-list\">\n<li><a href=\"https:\/\/zoom.us\/de\">Zoom<\/a><\/li>\n\n\n\n<li><a href=\"https:\/\/meet.jit.si\/\">jitsi<\/a><\/li>\n<\/ul>\n\n\n\n<h2 class=\"wp-block-heading\">Preise<\/h2>\n\n\n\n<p>60 Minuten Unterricht \u00e1 52 \u20ac<\/p>\n\n\n\n<h2 class=\"wp-block-heading\">Kontakt<\/h2>\n\n\n\n<p>E-Mail: gisbert@schuerig.de<\/p>\n\n\n\n<p>Tel: +49-176-56708460<\/p>\n\n\n\n<h2 class=\"wp-block-heading\">Testimonials<\/h2>\n\n\n\n<blockquote class=\"wp-block-quote is-layout-flow wp-block-quote-is-layout-flow\">\n<p>Seit 2 Jahren bin ich Sch\u00fcler von Gisbert und bin dankbar, dass ich ihn als Lehrer gefunden habe. Zun\u00e4chst hatte ich bei ihm seine VHS-Kurse \u201eMusiktheorie verstehen\u201c besucht und war froh, dass mir als \u201eLaien\u201c jemand die Basics der Harmonielehre, des Rhythmus und der Form verst\u00e4ndlich erkl\u00e4ren konnte. Im Einzelunterricht bei ihm wollte ich dieses Wissen dann vertiefen und gleichzeitig meinen eigenen musikalischen Ausdruck finden. Gisbert gestaltet den Unterricht zum einen nach meinen W\u00fcnschen und zum anderen hat er ein gutes Gesp\u00fcr daf\u00fcr, was f\u00fcr mich der n\u00e4chste musikalische Schritt ist. Wer Musik verstehen will oder wer seine eigenen musikalischen Ideen umsetzen will, findet kaum einen besseren Musikp\u00e4dagogen.<\/p>\n<cite>Martin (DJ)<\/cite><\/blockquote>\n\n\n\n<blockquote class=\"wp-block-quote is-layout-flow wp-block-quote-is-layout-flow\">\n<p>F\u00fcr mein Musikwissenschaftsstudium habe ich mich mit Hilfe von Gisbert vorbereitet. Sein Unterricht hat sich als sehr n\u00fctzlich erwiesen. Gisbert ist ein liebensw\u00fcrdiger \u00ab Prof&#8220;, der fachlich und p\u00e4dagogisch sehr kompetent ist. Er h\u00f6rt zu und findet immer eine kluge Antwort bei jeder Frage. Ich habe ihn sowohl bei der VHS als auch als privaten Lehrer erlebt und das hat immer viel Spass gemacht.<\/p>\n<cite>Blandine<\/cite><\/blockquote>\n","protected":false},"excerpt":{"rendered":"<p>Themen Medien Verschiedene Plattformen sind f\u00fcr den Unterricht m\u00f6glich: Preise 60 Minuten Unterricht \u00e1 52 \u20ac Kontakt E-Mail: gisbert@schuerig.de Tel: +49-176-56708460 Testimonials Seit 2 Jahren bin ich Sch\u00fcler von Gisbert und bin dankbar, dass ich ihn als Lehrer gefunden habe. Zun\u00e4chst hatte ich bei ihm seine VHS-Kurse \u201eMusiktheorie verstehen\u201c besucht und war froh, dass mir [&hellip;]<\/p>\n","protected":false},"author":1,"featured_media":0,"parent":0,"menu_order":0,"comment_status":"closed","ping_status":"closed","template":"","meta":{"footnotes":""},"class_list":["post-71","page","type-page","status-publish","hentry"],"_links":{"self":[{"href":"https:\/\/www.schuerig.de\/gisbert\/wp-json\/wp\/v2\/pages\/71","targetHints":{"allow":["GET"]}}],"collection":[{"href":"https:\/\/www.schuerig.de\/gisbert\/wp-json\/wp\/v2\/pages"}],"about":[{"href":"https:\/\/www.schuerig.de\/gisbert\/wp-json\/wp\/v2\/types\/page"}],"author":[{"embeddable":true,"href":"https:\/\/www.schuerig.de\/gisbert\/wp-json\/wp\/v2\/users\/1"}],"replies":[{"embeddable":true,"href":"https:\/\/www.schuerig.de\/gisbert\/wp-json\/wp\/v2\/comments?post=71"}],"version-history":[{"count":9,"href":"https:\/\/www.schuerig.de\/gisbert\/wp-json\/wp\/v2\/pages\/71\/revisions"}],"predecessor-version":[{"id":195,"href":"https:\/\/www.schuerig.de\/gisbert\/wp-json\/wp\/v2\/pages\/71\/revisions\/195"}],"wp:attachment":[{"href":"https:\/\/www.schuerig.de\/gisbert\/wp-json\/wp\/v2\/media?parent=71"}],"curies":[{"name":"wp","href":"https:\/\/api.w.org\/{rel}","templated":true}]}}