{"id":199,"date":"2024-06-11T12:20:55","date_gmt":"2024-06-11T10:20:55","guid":{"rendered":"https:\/\/www.schuerig.de\/gisbert\/?page_id=199"},"modified":"2024-06-13T14:02:13","modified_gmt":"2024-06-13T12:02:13","slug":"die-musikwerkstatt","status":"publish","type":"page","link":"https:\/\/www.schuerig.de\/gisbert\/die-musikwerkstatt\/","title":{"rendered":"Die Musikwerkstatt"},"content":{"rendered":"\n<p>Was passiert in der Musikwerkstatt? Musik komponieren kann eine einsame Sache sein, muss es aber nicht. In der Musikwerkstatt gibt es die M\u00f6glichkeit, eigene Kompositionen, Improvisationen oder Klangideen vorzustellen.<\/p>\n\n\n\n<p><strong>Freundliches Feedback<\/strong><\/p>\n\n\n\n<p>Die R\u00fcckmeldung der Gruppe kann helfen, ein besseres Gef\u00fchl f\u00fcr die Wirkung der eigenen Musik zu bekommen. <\/p>\n\n\n\n<p>Hier ein kleiner Einblick:<\/p>\n\n\n\n<figure class=\"wp-block-embed is-type-video is-provider-youtube wp-block-embed-youtube wp-embed-aspect-16-9 wp-has-aspect-ratio\"><div class=\"wp-block-embed__wrapper\">\n<iframe loading=\"lazy\" title=\"Was passier in der Musikwerkstatt?\" width=\"500\" height=\"281\" src=\"https:\/\/www.youtube.com\/embed\/2QGbS1mR1Lc?feature=oembed\" frameborder=\"0\" allow=\"accelerometer; autoplay; clipboard-write; encrypted-media; gyroscope; picture-in-picture; web-share\" referrerpolicy=\"strict-origin-when-cross-origin\" allowfullscreen><\/iframe>\n<\/div><figcaption class=\"wp-element-caption\">Bei der Arbeit in der Musikwerkstatt &#8211; Kamera: Ulf Groote<\/figcaption><\/figure>\n\n\n\n<p><strong>Kreative Inspiration<\/strong><\/p>\n\n\n\n<p>Die Musikwerkstatt ist ein inspirierender Ort, wenn:<\/p>\n\n\n\n<ul class=\"wp-block-list\">\n<li>Du eine erste Musikidee hast, aber Dich nun fragst, wie Dein St\u00fcck weitergehen k\u00f6nnte<\/li>\n\n\n\n<li>Du Schwierigkeiten hast, vielen verschiedene Ideen zu einem stimmigen Ganzen zusammenzuf\u00fchren<\/li>\n<\/ul>\n\n\n\n<p><strong>Musiktheoretische Hinweise<\/strong><\/p>\n\n\n\n<p>Manchmal ergeben sich beim komponieren knifflige R\u00e4tsel:<\/p>\n\n\n\n<ul class=\"wp-block-list\">\n<li>Strophe und Refrain sind in verschiedenen Tonarten, wie gestalte ich einen \u00dcbergang oder passen sie durch Transponieren an?<\/li>\n\n\n\n<li>in welcher Taktart ist mein St\u00fcck?<\/li>\n\n\n\n<li>mit welcher Tonleiter kann ich beim Improvisieren einen schwerelosen Eindruck vermitteln?<\/li>\n\n\n\n<li>wie kann ich diese Melodie notieren, damit andere sie spielen k\u00f6nnen?<\/li>\n<\/ul>\n\n\n\n<h2 class=\"wp-block-heading\">Formate<\/h2>\n\n\n\n<p>Die Musikwerkstatt gibt es an der <a href=\"https:\/\/www.berlin.de\/vhs\/volkshochschulen\/pankow\/\">VHS Pankow<\/a>:<\/p>\n\n\n\n<ul class=\"wp-block-list\">\n<li>als Pr\u00e4senzkurs<\/li>\n\n\n\n<li>als online-Kurs<\/li>\n<\/ul>\n\n\n\n<p>&#8230;und bei Interesse auch als privates Unterrichtsangebot <a href=\"https:\/\/www.schuerig.de\/gisbert\/kontakt\/\" data-type=\"page\" data-id=\"202\">direkt bei mir<\/a>.<\/p>\n","protected":false},"excerpt":{"rendered":"<p>Was passiert in der Musikwerkstatt? Musik komponieren kann eine einsame Sache sein, muss es aber nicht. In der Musikwerkstatt gibt es die M\u00f6glichkeit, eigene Kompositionen, Improvisationen oder Klangideen vorzustellen. Freundliches Feedback Die R\u00fcckmeldung der Gruppe kann helfen, ein besseres Gef\u00fchl f\u00fcr die Wirkung der eigenen Musik zu bekommen. Hier ein kleiner Einblick: Kreative Inspiration Die [&hellip;]<\/p>\n","protected":false},"author":1,"featured_media":0,"parent":0,"menu_order":0,"comment_status":"closed","ping_status":"closed","template":"","meta":{"footnotes":""},"class_list":["post-199","page","type-page","status-publish","hentry"],"_links":{"self":[{"href":"https:\/\/www.schuerig.de\/gisbert\/wp-json\/wp\/v2\/pages\/199","targetHints":{"allow":["GET"]}}],"collection":[{"href":"https:\/\/www.schuerig.de\/gisbert\/wp-json\/wp\/v2\/pages"}],"about":[{"href":"https:\/\/www.schuerig.de\/gisbert\/wp-json\/wp\/v2\/types\/page"}],"author":[{"embeddable":true,"href":"https:\/\/www.schuerig.de\/gisbert\/wp-json\/wp\/v2\/users\/1"}],"replies":[{"embeddable":true,"href":"https:\/\/www.schuerig.de\/gisbert\/wp-json\/wp\/v2\/comments?post=199"}],"version-history":[{"count":4,"href":"https:\/\/www.schuerig.de\/gisbert\/wp-json\/wp\/v2\/pages\/199\/revisions"}],"predecessor-version":[{"id":207,"href":"https:\/\/www.schuerig.de\/gisbert\/wp-json\/wp\/v2\/pages\/199\/revisions\/207"}],"wp:attachment":[{"href":"https:\/\/www.schuerig.de\/gisbert\/wp-json\/wp\/v2\/media?parent=199"}],"curies":[{"name":"wp","href":"https:\/\/api.w.org\/{rel}","templated":true}]}}